{"id":525,"date":"2026-02-18T19:08:34","date_gmt":"2026-02-18T18:08:34","guid":{"rendered":"https:\/\/senpagamassage.fr\/?page_id=525"},"modified":"2026-03-18T17:25:15","modified_gmt":"2026-03-18T16:25:15","slug":"atelier-dinitiation-au-massage-bien-etre-a-langon-en-duo-ou-entre-amis","status":"publish","type":"page","link":"https:\/\/senpagamassage.fr\/index.php\/canva-test\/atelier-dinitiation-au-massage-bien-etre-a-langon-en-duo-ou-entre-amis\/","title":{"rendered":"Atelier d\u2019initiation au massage bien-\u00eatre &#8211; En duo ou entre amis"},"content":{"rendered":"<figure id=\"attachment_566\" aria-describedby=\"caption-attachment-566\" style=\"width: 686px\" class=\"wp-caption alignnone\"><img loading=\"lazy\" decoding=\"async\" class=\"wp-image-566 \" src=\"https:\/\/senpagamassage.fr\/wp-content\/uploads\/2026\/03\/ATELIETR-DUO-senpaga-724x1024.png\" alt=\"Atelier d\u2019initiation au massage bien-\u00eatre en duo ou entre amis \u00e0 Langon\" width=\"686\" height=\"970\" srcset=\"https:\/\/senpagamassage.fr\/wp-content\/uploads\/2026\/03\/ATELIETR-DUO-senpaga-724x1024.png 724w, https:\/\/senpagamassage.fr\/wp-content\/uploads\/2026\/03\/ATELIETR-DUO-senpaga-212x300.png 212w, https:\/\/senpagamassage.fr\/wp-content\/uploads\/2026\/03\/ATELIETR-DUO-senpaga-768x1086.png 768w, https:\/\/senpagamassage.fr\/wp-content\/uploads\/2026\/03\/ATELIETR-DUO-senpaga-1086x1536.png 1086w, https:\/\/senpagamassage.fr\/wp-content\/uploads\/2026\/03\/ATELIETR-DUO-senpaga.png 1414w\" sizes=\"auto, (max-width: 686px) 100vw, 686px\" \/><figcaption id=\"caption-attachment-566\" class=\"wp-caption-text\">Atelier d\u2019initiation au massage bien-\u00eatre en duo ou entre amis \u2013 Langon<\/figcaption><\/figure>\n<h3 data-start=\"1308\" data-end=\"1360\">Apprendre \u00e0 masser pour le plaisir et la d\u00e9tente<\/h3>\n<p data-start=\"1362\" data-end=\"1489\">Offrez-vous un moment de bien-\u00eatre et de connexion gr\u00e2ce \u00e0 cet <strong data-start=\"1425\" data-end=\"1470\">atelier d\u2019initiation au massage bien-\u00eatre<\/strong>.<\/p>\n<p data-start=\"1491\" data-end=\"1674\">En duo ou entre amis, vous apprenez des <strong data-start=\"1531\" data-end=\"1570\">gestes simples, doux et respectueux.<\/strong><\/p>\n<p data-start=\"1491\" data-end=\"1674\">pour masser vos proches et partager un moment de d\u00e9tente, dans une ambiance chaleureuse et s\u00e9curisante.<\/p>\n<h3 data-start=\"1681\" data-end=\"1720\">\ud83c\udf3f Une initiation accessible \u00e0 tous<\/h3>\n<p data-start=\"1722\" data-end=\"1750\">Cet atelier vous permet de :<\/p>\n<ul data-start=\"1751\" data-end=\"1931\">\n<li data-start=\"1751\" data-end=\"1795\">\n<p data-start=\"1753\" data-end=\"1795\">d\u00e9couvrir les bases du massage bien-\u00eatre<\/p>\n<\/li>\n<li data-start=\"1796\" data-end=\"1833\">\n<p data-start=\"1798\" data-end=\"1833\">apprendre \u00e0 masser sans faire mal<\/p>\n<\/li>\n<li data-start=\"1834\" data-end=\"1883\">\n<p data-start=\"1836\" data-end=\"1883\">comprendre la juste pression et le bon rythme<\/p>\n<\/li>\n<li data-start=\"1884\" data-end=\"1931\">\n<p data-start=\"1886\" data-end=\"1931\">vivre un moment de partage et de relaxation<\/p>\n<\/li>\n<\/ul>\n<p data-start=\"1933\" data-end=\"2149\">\ud83d\udc49 <strong data-start=\"1936\" data-end=\"2004\">Cet atelier est une initiation \u00e0 vis\u00e9e personnelle et de loisir.<\/strong><br data-start=\"2004\" data-end=\"2007\" \/>\u274c Il ne s\u2019agit pas d\u2019une formation professionnelle<br data-start=\"2057\" data-end=\"2060\" \/>\u274c Aucun dipl\u00f4me ou certification n\u2019est d\u00e9livr\u00e9<br data-start=\"2106\" data-end=\"2109\" \/>\u274c Aucune vis\u00e9e th\u00e9rapeutique ou m\u00e9dicale<\/p>\n<h3 data-start=\"2380\" data-end=\"2408\">\ud83d\udc86\u200d\u2640\ufe0f Formules et tarifs<\/h3>\n<p data-start=\"2410\" data-end=\"2463\"><strong data-start=\"2410\" data-end=\"2423\">Offre Duo<\/strong><br data-start=\"2423\" data-end=\"2426\" \/>2 heures \u2013 <strong data-start=\"2437\" data-end=\"2463\">180 \u20ac pour 2 personnes<\/strong><\/p>\n<p data-start=\"2465\" data-end=\"2507\"><strong data-start=\"2465\" data-end=\"2482\">Offre Premium<\/strong><br data-start=\"2482\" data-end=\"2485\" \/>2 heures \u2013 <strong data-start=\"2496\" data-end=\"2505\">220 \u20ac<\/strong><\/p>\n<ul data-start=\"2508\" data-end=\"2551\">\n<li data-start=\"2508\" data-end=\"2551\">\n<p data-start=\"2510\" data-end=\"2551\"><strong data-start=\"2510\" data-end=\"2551\">15 minutes de massage du dos offertes<\/strong><\/p>\n<\/li>\n<\/ul>\n<h3 data-start=\"2558\" data-end=\"2587\">\ud83d\udc69\u200d\u2695\ufe0f Anim\u00e9 par Francesca<\/h3>\n<p data-start=\"2589\" data-end=\"2733\">Praticienne en massage bien-\u00eatre, titulaire d\u2019un <strong data-start=\"2638\" data-end=\"2671\">titre RNCP reconnu par l\u2019\u00c9tat<\/strong>, Francesca vous accompagne avec douceur et professionnalisme.<\/p>\n","protected":false},"excerpt":{"rendered":"<p>Apprendre \u00e0 masser pour le plaisir et la d\u00e9tente Offrez-vous un moment de bien-\u00eatre et de connexion gr\u00e2ce \u00e0 cet atelier d\u2019initiation au massage bien-\u00eatre. En duo ou entre amis, &hellip; <\/p>\n","protected":false},"author":1,"featured_media":0,"parent":40,"menu_order":0,"comment_status":"closed","ping_status":"closed","template":"","meta":{"footnotes":""},"class_list":["post-525","page","type-page","status-publish","hentry"],"_links":{"self":[{"href":"https:\/\/senpagamassage.fr\/index.php\/wp-json\/wp\/v2\/pages\/525","targetHints":{"allow":["GET"]}}],"collection":[{"href":"https:\/\/senpagamassage.fr\/index.php\/wp-json\/wp\/v2\/pages"}],"about":[{"href":"https:\/\/senpagamassage.fr\/index.php\/wp-json\/wp\/v2\/types\/page"}],"author":[{"embeddable":true,"href":"https:\/\/senpagamassage.fr\/index.php\/wp-json\/wp\/v2\/users\/1"}],"replies":[{"embeddable":true,"href":"https:\/\/senpagamassage.fr\/index.php\/wp-json\/wp\/v2\/comments?post=525"}],"version-history":[{"count":8,"href":"https:\/\/senpagamassage.fr\/index.php\/wp-json\/wp\/v2\/pages\/525\/revisions"}],"predecessor-version":[{"id":567,"href":"https:\/\/senpagamassage.fr\/index.php\/wp-json\/wp\/v2\/pages\/525\/revisions\/567"}],"up":[{"embeddable":true,"href":"https:\/\/senpagamassage.fr\/index.php\/wp-json\/wp\/v2\/pages\/40"}],"wp:attachment":[{"href":"https:\/\/senpagamassage.fr\/index.php\/wp-json\/wp\/v2\/media?parent=525"}],"curies":[{"name":"wp","href":"https:\/\/api.w.org\/{rel}","templated":true}]}}