{"id":79,"date":"2024-03-06T19:10:14","date_gmt":"2024-03-06T18:10:14","guid":{"rendered":"https:\/\/senpagamassage.fr\/?page_id=79"},"modified":"2026-01-06T17:59:43","modified_gmt":"2026-01-06T16:59:43","slug":"a-propos","status":"publish","type":"page","link":"https:\/\/senpagamassage.fr\/index.php\/a-propos\/","title":{"rendered":"\u00c0 propos"},"content":{"rendered":"<h1><span class=\"OYPEnA text-decoration-none text-strikethrough-none\">Bienvenue dans l\u2019univers apaisant du massage bien-\u00eatre et de la relaxation pour le corps et l\u2019esprit<\/span><\/h1>\n<div>\n<p class=\"cvGsUA direction-ltr align-start para-style-body\"><span class=\"OYPEnA text-decoration-none text-strikethrough-none\">Je suis praticienne en <\/span><span class=\"OYPEnA text-decoration-none text-strikethrough-none\"><strong>massage de bien-\u00eatre<\/strong>.<\/span><span class=\"OYPEnA text-decoration-none text-strikethrough-none\"> Certifi\u00e9e au tire RNCP niveau 4, reconnue par l\u2019 \u00e9tat et obtenue par l\u2019\u00e9cole<\/span><\/p>\n<p><img loading=\"lazy\" decoding=\"async\" class=\"wp-image-131 alignright\" src=\"https:\/\/senpagamassage.fr\/wp-content\/uploads\/2024\/03\/IMG_1466-e1709748336977.jpg\" alt=\"\" width=\"140\" height=\"195\" srcset=\"https:\/\/senpagamassage.fr\/wp-content\/uploads\/2024\/03\/IMG_1466-e1709748336977.jpg 916w, https:\/\/senpagamassage.fr\/wp-content\/uploads\/2024\/03\/IMG_1466-e1709748336977-215x300.jpg 215w, https:\/\/senpagamassage.fr\/wp-content\/uploads\/2024\/03\/IMG_1466-e1709748336977-733x1024.jpg 733w, https:\/\/senpagamassage.fr\/wp-content\/uploads\/2024\/03\/IMG_1466-e1709748336977-768x1073.jpg 768w, https:\/\/senpagamassage.fr\/wp-content\/uploads\/2024\/03\/IMG_1466-e1709748336977-43x60.jpg 43w\" sizes=\"auto, (max-width: 140px) 100vw, 140px\" \/>Hypot\u00e9nuse de Paris.<\/p>\n<p>SIRET: 90165422800047<\/p>\n<p class=\"cvGsUA direction-ltr align-start para-style-body\"><span class=\"OYPEnA text-decoration-none text-strikethrough-none\">J\u2019ai cr\u00e9e en Aout 2021 <\/span><strong><span class=\"OYPEnA text-decoration-none text-strikethrough-none\">Senpaga massage bien-\u00eatre<\/span><\/strong><span class=\"OYPEnA text-decoration-none text-strikethrough-none\"> sur Langon ou j\u2019ai pu forger mon exp\u00e9rience et ma r\u00e9putation. J\u2019ai \u00e9galement travaill\u00e9 en freelance en tant que praticienne en massage bien &#8211; \u00eatre<\/span> <span class=\"OYPEnA text-decoration-none text-strikethrough-none\">pendants six mois en rejoignant l\u2019\u00e9quipe \u201c la compagnie mon masseur Paris\u201d un grand prestataire de services de massage bien-\u00eatre dans les Hotels prestigieux de luxe dans la capital de PARIS H\u00f4tel: Prince de Galles, SPA h\u00f4tel Barriere Enghien les bain, h\u00f4tel Renaissance et bien d\u2019autre tant la liste et longue. Une exp\u00e9rience dans le monde du lux ou J\u2019ai pus c\u00f4toyer la client\u00e8les exigeante de ces lieux prestigieux.<\/span><\/p>\n<p class=\"cvGsUA direction-ltr align-start para-style-body\"><strong><span class=\"OYPEnA text-decoration-none text-strikethrough-none\">\u00a0<\/span><\/strong><span class=\"OYPEnA text-decoration-none text-strikethrough-none\"><strong>Senpaga massage bien-\u00eatre s&rsquo;est install\u00e9 sur Langon (33210), au <\/strong><\/span><strong>24 chemin de la Garenne<\/strong><span class=\"OYPEnA text-decoration-none text-strikethrough-none\">\u00a0pour votre plus grand plaisir.<\/span><\/p>\n<p class=\"cvGsUA direction-ltr align-start para-style-body\"><span class=\"OYPEnA text-decoration-none text-strikethrough-none\">Je suis passionn\u00e9e par l&rsquo;art du <\/span><strong><span class=\"OYPEnA text-decoration-none text-strikethrough-none\">massage bien-\u00eatre <\/span><\/strong><span class=\"OYPEnA text-decoration-none text-strikethrough-none\">et je crois fermement en ses bienfaits pour le corps et l&rsquo;esprit. Mon objectif en tant que <\/span><span class=\"OYPEnA text-decoration-none text-strikethrough-none\"><strong>praticienne en massage de bien-\u00eatre <\/strong><\/span><span class=\"OYPEnA text-decoration-none text-strikethrough-none\">est de vous aider \u00e0 vous d\u00e9tendre, \u00e0 r\u00e9duire votre stress et \u00e0 am\u00e9liorer votre bien-\u00eatre g\u00e9n\u00e9ral et reprendre confiance en soi, avec bienveillance et \u00e9coute. <\/span><\/p>\n<p class=\"cvGsUA direction-ltr align-start para-style-body\"><span class=\"OYPEnA text-decoration-none text-strikethrough-none\">Que vous recherchiez un <\/span><strong><span class=\"OYPEnA text-decoration-none text-strikethrough-none\">massage<\/span><\/strong><span class=\"OYPEnA text-decoration-none text-strikethrough-none\"> plus en profondeur ou en l\u00e9g\u00e8ret\u00e9, pour les sportifs ou un massage drainant! Il y aura certainement un <\/span><strong><span class=\"OYPEnA text-decoration-none text-strikethrough-none\">massage bien-\u00eatre <\/span><\/strong><span class=\"OYPEnA text-decoration-none text-strikethrough-none\">qui vous correspondra. Je personnalise chaque s\u00e9ances de <\/span><span class=\"OYPEnA text-decoration-none text-strikethrough-none\">massage bien &#8211; \u00eatre<\/span><span class=\"OYPEnA text-decoration-none text-strikethrough-none\"> en fonction de vos besoins individuel, afin de vous offrir une exp\u00e9rience de massage unique.<\/span><\/p>\n<p class=\"cvGsUA direction-ltr align-start para-style-body\"><span class=\"OYPEnA text-decoration-none text-strikethrough-none\">Un <strong>massage bien-\u00eatre<\/strong><\/span><span class=\"OYPEnA text-decoration-none text-strikethrough-none\"> a pour objectif de lib\u00e9rer les tensions tout en nourrissant la peau, l\u2019\u00e2me et l\u2019esprit d\u2019une sensation positive, favorisant ainsi une d\u00e9tente globale.<\/span><\/p>\n<p class=\"cvGsUA direction-ltr align-start para-style-body\"><span class=\"OYPEnA text-decoration-none text-strikethrough-none\">Gr\u00e2ce \u00e0 ma formation certifi\u00e9e RNCP niveau 4, j&rsquo;ai acquis une expertise dans une <strong>vari\u00e9t\u00e9 de techniques de <\/strong><\/span><span class=\"OYPEnA text-decoration-none text-strikethrough-none\"><strong>massage<\/strong>,<\/span><span class=\"OYPEnA text-decoration-none text-strikethrough-none\"> d\u2019\u00eatre \u00e0 l&rsquo;\u00e9coute de la personne, car vous \u00eates tous unique !<\/span><\/p>\n<p><span class=\"OYPEnA text-decoration-none text-strikethrough-none\">Le massage<\/span> <strong><span class=\"OYPEnA text-decoration-none text-strikethrough-none\">Ayurv\u00e9dique aux pochons d\u2019herbes<\/span><\/strong><span class=\"OYPEnA text-decoration-none text-strikethrough-none\"> et huile chaude m\u00e9lang\u00e9 aux huiles essentielles (massage traditionnel INDIEN), <\/span><span class=\"OYPEnA text-decoration-none text-strikethrough-none\">le<strong> massage anti &#8211; stress <\/strong><\/span><span class=\"OYPEnA text-decoration-none text-strikethrough-none\">et pour la r\u00e9cup\u00e9ration du sommeil, le <\/span><strong><span class=\"OYPEnA text-decoration-none text-strikethrough-none\">massage drainant<\/span><\/strong><span class=\"OYPEnA text-decoration-none text-strikethrough-none\"> silhouette, <\/span><span class=\"OYPEnA text-decoration-none text-strikethrough-none\">le <strong>massage aux pierres chaudes<\/strong>,<\/span><span class=\"OYPEnA text-decoration-none text-strikethrough-none\"> le <\/span><span class=\"OYPEnA text-decoration-none text-strikethrough-none\"><strong>massage hawa\u00efen pour les sportifs<\/strong>,<\/span><span class=\"OYPEnA text-decoration-none text-strikethrough-none\"> le <\/span><strong><span class=\"OYPEnA text-decoration-none text-strikethrough-none\">massage<\/span><\/strong><span class=\"OYPEnA text-decoration-none text-strikethrough-none\"><strong> anti Burn out<\/strong>(AMMA) sur chaise ergonomique,<\/span><span class=\"OYPEnA text-decoration-none text-strikethrough-none\"><strong> le massage mad\u00e9rotherapie, massage boutchou<\/strong> relaxant <\/span><span class=\"OYPEnA text-decoration-none text-strikethrough-none\">pour enfant, et bien d\u2019autre encore\u2026<\/span><\/p>\n<p class=\"cvGsUA direction-ltr align-start para-style-body\"><strong><span class=\"OYPEnA text-decoration-none text-strikethrough-none\">En tant que praticienne en massage de bien &#8211; \u00eatre certifi\u00e9e<\/span><\/strong><span class=\"OYPEnA text-decoration-none text-strikethrough-none\">, je suis \u00e9galement en mesure de vous guider sur les diff\u00e9rentes \u00e9tapes du processus des <\/span><strong><span class=\"OYPEnA text-decoration-none text-strikethrough-none\">massages<\/span><\/strong><span class=\"OYPEnA text-decoration-none text-strikethrough-none\"> et de r\u00e9pondre \u00e0 toutes les questions que vous pourriez avoir. Mon but ultime est de vous offrir une exp\u00e9rience de<\/span><strong><span class=\"OYPEnA text-decoration-none text-strikethrough-none\"> massage relaxante<\/span><\/strong><span class=\"OYPEnA text-decoration-none text-strikethrough-none\"><strong> et th\u00e9rapeutique<\/strong>, non m\u00e9dical et qui vous aidera \u00e0 vous sentir mieux dans votre corps et dans votre esprit.<\/span><\/p>\n<p class=\"cvGsUA direction-ltr align-start para-style-body\"><strong><span class=\"OYPEnA text-strikethrough-none text-decoration-underline\">\u26a0\ufe0fVeuillez respecter que les massages en bien-\u00eatre ne sont: NI EROTIQUES OU SEXUELS ET LE PORT DU cale\u00e7on est OBLIGATOIRE MERCI de votre compr\u00e9hension !<\/span><\/strong><\/p>\n<p class=\"cvGsUA direction-ltr align-start para-style-body\"><span class=\"OYPEnA text-decoration-none text-strikethrough-none\">N&rsquo;h\u00e9sitez pas \u00e0 me contacter pour prendre rendez-vous et d\u00e9couvrir les bienfaits d&rsquo;un massage de bien-\u00eatre certifi\u00e9 RNCP niveau 4 :<\/span><\/p>\n<h2 class=\"cvGsUA direction-ltr align-start para-style-body\"><span class=\"OYPEnA text-decoration-none text-strikethrough-none\"> <strong>06 07 77 67 81\u00a0<\/strong><\/span><\/h2>\n<p>R\u00e8glement: De pr\u00e9f\u00e9rence esp\u00e8ces ou CB<\/p>\n<\/div>\n<p><img loading=\"lazy\" decoding=\"async\" class=\"size-thumbnail wp-image-135 aligncenter\" src=\"https:\/\/senpagamassage.fr\/wp-content\/uploads\/2024\/03\/IMG_1034-150x150.jpg\" alt=\"\" width=\"150\" height=\"150\" srcset=\"https:\/\/senpagamassage.fr\/wp-content\/uploads\/2024\/03\/IMG_1034-150x150.jpg 150w, https:\/\/senpagamassage.fr\/wp-content\/uploads\/2024\/03\/IMG_1034-300x297.jpg 300w, https:\/\/senpagamassage.fr\/wp-content\/uploads\/2024\/03\/IMG_1034-61x60.jpg 61w\" sizes=\"auto, (max-width: 150px) 100vw, 150px\" \/><img loading=\"lazy\" decoding=\"async\" class=\"alignnone wp-image-444\" src=\"https:\/\/senpagamassage.fr\/wp-content\/uploads\/2025\/10\/Capture-decran-2025-10-09-144841.png\" alt=\"\" width=\"197\" height=\"72\" srcset=\"https:\/\/senpagamassage.fr\/wp-content\/uploads\/2025\/10\/Capture-decran-2025-10-09-144841.png 337w, https:\/\/senpagamassage.fr\/wp-content\/uploads\/2025\/10\/Capture-decran-2025-10-09-144841-300x109.png 300w\" sizes=\"auto, (max-width: 197px) 100vw, 197px\" \/>Partenariat clubemploy\u00e9s<\/p>\n","protected":false},"excerpt":{"rendered":"<p>Bienvenue dans l\u2019univers apaisant du massage bien-\u00eatre et de la relaxation pour le corps et l\u2019esprit Je suis praticienne en massage de bien-\u00eatre. Certifi\u00e9e au tire RNCP niveau 4, reconnue &hellip; <\/p>\n","protected":false},"author":1,"featured_media":0,"parent":0,"menu_order":0,"comment_status":"closed","ping_status":"closed","template":"","meta":{"footnotes":""},"class_list":["post-79","page","type-page","status-publish","hentry"],"_links":{"self":[{"href":"https:\/\/senpagamassage.fr\/index.php\/wp-json\/wp\/v2\/pages\/79","targetHints":{"allow":["GET"]}}],"collection":[{"href":"https:\/\/senpagamassage.fr\/index.php\/wp-json\/wp\/v2\/pages"}],"about":[{"href":"https:\/\/senpagamassage.fr\/index.php\/wp-json\/wp\/v2\/types\/page"}],"author":[{"embeddable":true,"href":"https:\/\/senpagamassage.fr\/index.php\/wp-json\/wp\/v2\/users\/1"}],"replies":[{"embeddable":true,"href":"https:\/\/senpagamassage.fr\/index.php\/wp-json\/wp\/v2\/comments?post=79"}],"version-history":[{"count":12,"href":"https:\/\/senpagamassage.fr\/index.php\/wp-json\/wp\/v2\/pages\/79\/revisions"}],"predecessor-version":[{"id":497,"href":"https:\/\/senpagamassage.fr\/index.php\/wp-json\/wp\/v2\/pages\/79\/revisions\/497"}],"wp:attachment":[{"href":"https:\/\/senpagamassage.fr\/index.php\/wp-json\/wp\/v2\/media?parent=79"}],"curies":[{"name":"wp","href":"https:\/\/api.w.org\/{rel}","templated":true}]}}