{"id":80,"date":"2024-03-01T11:24:15","date_gmt":"2024-03-01T10:24:15","guid":{"rendered":"https:\/\/senpagamassage.fr\/?page_id=80"},"modified":"2024-03-06T19:23:29","modified_gmt":"2024-03-06T18:23:29","slug":"les-avantages-du-cabinet","status":"publish","type":"page","link":"https:\/\/senpagamassage.fr\/index.php\/les-avantages-du-cabinet\/","title":{"rendered":"Les avantages du cabinet"},"content":{"rendered":"<h1><span class=\"OYPEnA text-decoration-none text-strikethrough-none\">Les avantages d\u2019un massage bien-\u00eatre en cabinet !<\/span><\/h1>\n<p>&nbsp;<\/p>\n<h2 style=\"text-align: center;\"><span class=\"OYPEnA text-decoration-none text-strikethrough-none\">\u00ab Qualit\u00e9, Douceur, Ecoute, Confiance et Respect \u00bb<\/span><\/h2>\n<p>&nbsp;<\/p>\n<p class=\"cvGsUA direction-ltr align-start para-style-body\"><span class=\"OYPEnA text-decoration-none text-strikethrough-none\">Le <strong>service et <\/strong><\/span><strong><span class=\"OYPEnA text-decoration-none text-strikethrough-none\">le massage<\/span><\/strong><span class=\"OYPEnA text-decoration-none text-strikethrough-none\"><strong> est personnalis\u00e9<\/strong>, l&rsquo;accueil sera convivial en privil\u00e9giant un rapport de confiance,<\/span><\/p>\n<p><img loading=\"lazy\" decoding=\"async\" class=\"wp-image-139 alignright\" src=\"https:\/\/senpagamassage.fr\/wp-content\/uploads\/2024\/03\/salle-de-massage-225x300.jpg\" alt=\"\" width=\"210\" height=\"280\" srcset=\"https:\/\/senpagamassage.fr\/wp-content\/uploads\/2024\/03\/salle-de-massage-225x300.jpg 225w, https:\/\/senpagamassage.fr\/wp-content\/uploads\/2024\/03\/salle-de-massage-768x1024.jpg 768w, https:\/\/senpagamassage.fr\/wp-content\/uploads\/2024\/03\/salle-de-massage-1152x1536.jpg 1152w, https:\/\/senpagamassage.fr\/wp-content\/uploads\/2024\/03\/salle-de-massage-1536x2048.jpg 1536w, https:\/\/senpagamassage.fr\/wp-content\/uploads\/2024\/03\/salle-de-massage-45x60.jpg 45w, https:\/\/senpagamassage.fr\/wp-content\/uploads\/2024\/03\/salle-de-massage-scaled.jpg 1920w\" sizes=\"auto, (max-width: 210px) 100vw, 210px\" \/><\/p>\n<p class=\"cvGsUA direction-ltr align-start para-style-body\"><span class=\"OYPEnA text-decoration-none text-strikethrough-none\">d\u2019\u00e9coute et de respect afin de mieux vous connaitre et adapter votre massage en fonction de vos besoins : <\/span><span class=\"OYPEnA text-decoration-none text-strikethrough-none\">douleur, \u00e9tat de sant\u00e9, \u00e9tat de fatigue, \u00e9tat du moral ou de vos pr\u00e9f\u00e9rences.<\/span><\/p>\n<p class=\"cvGsUA direction-ltr align-start para-style-body\"><span class=\"OYPEnA text-decoration-none text-strikethrough-none\">La praticienne en massage de bien &#8211; \u00eatre<\/span><span class=\"OYPEnA text-decoration-none text-strikethrough-none\"><strong> prend le temps de vous accompagner<\/strong>, avant massage, pendant et apr\u00e8s. La qualit\u00e9 est ma priorit\u00e9. De ce fait, la s\u00e9ance est compl\u00e8te est non b\u00e2cl\u00e9e ni chronom\u00e9tr\u00e9 \u00e0 la minutes.<\/span><\/p>\n<p class=\"cvGsUA direction-ltr align-start para-style-body\"><span class=\"OYPEnA text-decoration-none text-strikethrough-none\">La salle est plus intimiste qu\u2019un spa ou un salon de massage (ou vous serrez mass\u00e9 \u00e0 chaque fois par un masseur diff\u00e8rent qui ne prendra pas le temp d\u2019\u00e9couter vos besoins) a limage d\u2019un th\u00e9rapeute en massage bien-\u00eatre. Avec le temps s&rsquo;instaure une relation de confiance. Vous connaissez bien votre masseuse qui elle m\u00eame vous connait.<\/span><\/p>\n<p class=\"cvGsUA direction-ltr align-start para-style-body\"><span class=\"OYPEnA text-decoration-none text-strikethrough-none\">Le massage bien-\u00eatre est <strong>un massage professionnel<\/strong><\/span><span class=\"OYPEnA text-decoration-none text-strikethrough-none\"> effectu\u00e9 par une masseuse form\u00e9 uniquement dans ce domaine dans une \u00e9cole de formation agr\u00e9e et reconnue par l\u2019 \u00e9tat.<\/span><\/p>\n<h2 style=\"text-align: center;\">\u00ab\u00a0En tout simplicit\u00e9, avec le sourire et sans chichis\u00a0\u00bb<\/h2>\n","protected":false},"excerpt":{"rendered":"<p>Les avantages d\u2019un massage bien-\u00eatre en cabinet ! &nbsp; \u00ab Qualit\u00e9, Douceur, Ecoute, Confiance et Respect \u00bb &nbsp; Le service et le massage est personnalis\u00e9, l&rsquo;accueil sera convivial en privil\u00e9giant &hellip; <\/p>\n","protected":false},"author":1,"featured_media":0,"parent":0,"menu_order":0,"comment_status":"closed","ping_status":"closed","template":"","meta":{"footnotes":""},"class_list":["post-80","page","type-page","status-publish","hentry"],"_links":{"self":[{"href":"https:\/\/senpagamassage.fr\/index.php\/wp-json\/wp\/v2\/pages\/80","targetHints":{"allow":["GET"]}}],"collection":[{"href":"https:\/\/senpagamassage.fr\/index.php\/wp-json\/wp\/v2\/pages"}],"about":[{"href":"https:\/\/senpagamassage.fr\/index.php\/wp-json\/wp\/v2\/types\/page"}],"author":[{"embeddable":true,"href":"https:\/\/senpagamassage.fr\/index.php\/wp-json\/wp\/v2\/users\/1"}],"replies":[{"embeddable":true,"href":"https:\/\/senpagamassage.fr\/index.php\/wp-json\/wp\/v2\/comments?post=80"}],"version-history":[{"count":4,"href":"https:\/\/senpagamassage.fr\/index.php\/wp-json\/wp\/v2\/pages\/80\/revisions"}],"predecessor-version":[{"id":140,"href":"https:\/\/senpagamassage.fr\/index.php\/wp-json\/wp\/v2\/pages\/80\/revisions\/140"}],"wp:attachment":[{"href":"https:\/\/senpagamassage.fr\/index.php\/wp-json\/wp\/v2\/media?parent=80"}],"curies":[{"name":"wp","href":"https:\/\/api.w.org\/{rel}","templated":true}]}}