{"id":82,"date":"2024-03-01T11:44:31","date_gmt":"2024-03-01T10:44:31","guid":{"rendered":"https:\/\/senpagamassage.fr\/?page_id=82"},"modified":"2024-05-13T10:51:47","modified_gmt":"2024-05-13T08:51:47","slug":"vos-avis","status":"publish","type":"page","link":"https:\/\/senpagamassage.fr\/index.php\/vos-avis\/","title":{"rendered":"Vos avis"},"content":{"rendered":"<h4><span class=\"OYPEnA text-decoration-none text-strikethrough-none\">Un immense merci \u00e0 mes clients qui ont g\u00e9n\u00e9reusement accord\u00e9 leur confiance \u00e0 mes massages bien-\u00eatre. Vos avis sur GOOGLE sont une source d&rsquo;inspiration et de motivation, et je suis reconnaissant de pouvoir contribuer \u00e0 votre bien-\u00eatre.<\/span><\/h4>\n<h2><\/h2>\n<p><img loading=\"lazy\" decoding=\"async\" class=\"alignnone size-full wp-image-109\" src=\"https:\/\/senpagamassage.fr\/wp-content\/uploads\/2024\/03\/avis1.png\" alt=\"\" width=\"1417\" height=\"647\" srcset=\"https:\/\/senpagamassage.fr\/wp-content\/uploads\/2024\/03\/avis1.png 1417w, https:\/\/senpagamassage.fr\/wp-content\/uploads\/2024\/03\/avis1-300x137.png 300w, https:\/\/senpagamassage.fr\/wp-content\/uploads\/2024\/03\/avis1-1024x468.png 1024w, https:\/\/senpagamassage.fr\/wp-content\/uploads\/2024\/03\/avis1-768x351.png 768w, https:\/\/senpagamassage.fr\/wp-content\/uploads\/2024\/03\/avis1-131x60.png 131w\" sizes=\"auto, (max-width: 1417px) 100vw, 1417px\" \/><\/p>\n<p><img loading=\"lazy\" decoding=\"async\" class=\"alignnone size-full wp-image-110\" src=\"https:\/\/senpagamassage.fr\/wp-content\/uploads\/2024\/03\/avis2.png\" alt=\"\" width=\"1373\" height=\"534\" srcset=\"https:\/\/senpagamassage.fr\/wp-content\/uploads\/2024\/03\/avis2.png 1373w, https:\/\/senpagamassage.fr\/wp-content\/uploads\/2024\/03\/avis2-300x117.png 300w, https:\/\/senpagamassage.fr\/wp-content\/uploads\/2024\/03\/avis2-1024x398.png 1024w, https:\/\/senpagamassage.fr\/wp-content\/uploads\/2024\/03\/avis2-768x299.png 768w, https:\/\/senpagamassage.fr\/wp-content\/uploads\/2024\/03\/avis2-154x60.png 154w\" sizes=\"auto, (max-width: 1373px) 100vw, 1373px\" \/><\/p>\n<p>&nbsp;<\/p>\n","protected":false},"excerpt":{"rendered":"<p>Un immense merci \u00e0 mes clients qui ont g\u00e9n\u00e9reusement accord\u00e9 leur confiance \u00e0 mes massages bien-\u00eatre. Vos avis sur GOOGLE sont une source d&rsquo;inspiration et de motivation, et je suis &hellip; <\/p>\n","protected":false},"author":1,"featured_media":0,"parent":0,"menu_order":0,"comment_status":"closed","ping_status":"closed","template":"","meta":{"footnotes":""},"class_list":["post-82","page","type-page","status-publish","hentry"],"_links":{"self":[{"href":"https:\/\/senpagamassage.fr\/index.php\/wp-json\/wp\/v2\/pages\/82","targetHints":{"allow":["GET"]}}],"collection":[{"href":"https:\/\/senpagamassage.fr\/index.php\/wp-json\/wp\/v2\/pages"}],"about":[{"href":"https:\/\/senpagamassage.fr\/index.php\/wp-json\/wp\/v2\/types\/page"}],"author":[{"embeddable":true,"href":"https:\/\/senpagamassage.fr\/index.php\/wp-json\/wp\/v2\/users\/1"}],"replies":[{"embeddable":true,"href":"https:\/\/senpagamassage.fr\/index.php\/wp-json\/wp\/v2\/comments?post=82"}],"version-history":[{"count":5,"href":"https:\/\/senpagamassage.fr\/index.php\/wp-json\/wp\/v2\/pages\/82\/revisions"}],"predecessor-version":[{"id":253,"href":"https:\/\/senpagamassage.fr\/index.php\/wp-json\/wp\/v2\/pages\/82\/revisions\/253"}],"wp:attachment":[{"href":"https:\/\/senpagamassage.fr\/index.php\/wp-json\/wp\/v2\/media?parent=82"}],"curies":[{"name":"wp","href":"https:\/\/api.w.org\/{rel}","templated":true}]}}