{"id":88,"date":"2024-03-01T11:24:56","date_gmt":"2024-03-01T10:24:56","guid":{"rendered":"https:\/\/senpagamassage.fr\/?page_id=88"},"modified":"2026-02-02T16:51:59","modified_gmt":"2026-02-02T15:51:59","slug":"massages-relaxants-decontractent-musculaire","status":"publish","type":"page","link":"https:\/\/senpagamassage.fr\/index.php\/canva-test\/massages-relaxants-decontractent-musculaire\/","title":{"rendered":"Massages relaxants, d\u00e9contractent musculaire"},"content":{"rendered":"<p>Ces massages peuvent \u00eatre conseillers aux sportifs.<\/p>\n<figure id=\"attachment_516\" aria-describedby=\"caption-attachment-516\" style=\"width: 890px\" class=\"wp-caption alignnone\"><img loading=\"lazy\" decoding=\"async\" class=\"wp-image-516 \" src=\"https:\/\/senpagamassage.fr\/wp-content\/uploads\/2026\/02\/massage-decontractants-musculaires.png\" alt=\"massage decontractant musculaires aux pierres chaudes et massage Hawa\u00efen\" width=\"890\" height=\"738\" srcset=\"https:\/\/senpagamassage.fr\/wp-content\/uploads\/2026\/02\/massage-decontractants-musculaires.png 790w, https:\/\/senpagamassage.fr\/wp-content\/uploads\/2026\/02\/massage-decontractants-musculaires-300x249.png 300w, https:\/\/senpagamassage.fr\/wp-content\/uploads\/2026\/02\/massage-decontractants-musculaires-768x637.png 768w\" sizes=\"auto, (max-width: 890px) 100vw, 890px\" \/><figcaption id=\"caption-attachment-516\" class=\"wp-caption-text\">Massage aux pierres chaudes polyn\u00e9sien &amp; massage hawa\u00efen : chaleur, fluidit\u00e9 et profondeur pour une relaxation intense et une r\u00e9cup\u00e9ration optimale.<\/figcaption><\/figure>\n<p>&nbsp;<\/p>\n<p>Les horaires de rendez-vous sont respect\u00e9s et Madame Atienza Francesca se r\u00e9serve le droit en cas de retard de plus de 15 minutes<\/p>\n<p>de refuser d\u2019ex\u00e9cuter la prestation afin de ne pas perturber son planning. La dur\u00e9e de la prestation pourra \u00eatre imput\u00e9e du retard.<\/p>\n<p>Un acompte de 20\u20ac est demand\u00e9 \u00e0 la prise de rendez-vous (d\u00e9duit de votre s\u00e9ance).<\/p>\n<p>En cas d\u2019annulation moins de 24h avant, l&rsquo;acompte ne pourra pas \u00eatre rembours\u00e9. Merci de votre compr\u00e9hension.<\/p>\n","protected":false},"excerpt":{"rendered":"<p>Ces massages peuvent \u00eatre conseillers aux sportifs. &nbsp; Les horaires de rendez-vous sont respect\u00e9s et Madame Atienza Francesca se r\u00e9serve le droit en cas de retard de plus de 15 &hellip; <\/p>\n","protected":false},"author":1,"featured_media":0,"parent":40,"menu_order":0,"comment_status":"closed","ping_status":"closed","template":"","meta":{"footnotes":""},"class_list":["post-88","page","type-page","status-publish","hentry"],"_links":{"self":[{"href":"https:\/\/senpagamassage.fr\/index.php\/wp-json\/wp\/v2\/pages\/88","targetHints":{"allow":["GET"]}}],"collection":[{"href":"https:\/\/senpagamassage.fr\/index.php\/wp-json\/wp\/v2\/pages"}],"about":[{"href":"https:\/\/senpagamassage.fr\/index.php\/wp-json\/wp\/v2\/types\/page"}],"author":[{"embeddable":true,"href":"https:\/\/senpagamassage.fr\/index.php\/wp-json\/wp\/v2\/users\/1"}],"replies":[{"embeddable":true,"href":"https:\/\/senpagamassage.fr\/index.php\/wp-json\/wp\/v2\/comments?post=88"}],"version-history":[{"count":11,"href":"https:\/\/senpagamassage.fr\/index.php\/wp-json\/wp\/v2\/pages\/88\/revisions"}],"predecessor-version":[{"id":517,"href":"https:\/\/senpagamassage.fr\/index.php\/wp-json\/wp\/v2\/pages\/88\/revisions\/517"}],"up":[{"embeddable":true,"href":"https:\/\/senpagamassage.fr\/index.php\/wp-json\/wp\/v2\/pages\/40"}],"wp:attachment":[{"href":"https:\/\/senpagamassage.fr\/index.php\/wp-json\/wp\/v2\/media?parent=88"}],"curies":[{"name":"wp","href":"https:\/\/api.w.org\/{rel}","templated":true}]}}