{"id":90,"date":"2024-03-01T11:27:25","date_gmt":"2024-03-01T10:27:25","guid":{"rendered":"https:\/\/senpagamassage.fr\/?page_id=90"},"modified":"2026-02-18T18:20:02","modified_gmt":"2026-02-18T17:20:02","slug":"massages-amincissants-drainant-relaxants","status":"publish","type":"page","link":"https:\/\/senpagamassage.fr\/index.php\/massages-amincissants-drainant-relaxants\/","title":{"rendered":"Massages remodelant et drainant, relaxants"},"content":{"rendered":"<figure id=\"attachment_510\" aria-describedby=\"caption-attachment-510\" style=\"width: 881px\" class=\"wp-caption alignnone\"><img loading=\"lazy\" decoding=\"async\" class=\"wp-image-510 \" src=\"https:\/\/senpagamassage.fr\/wp-content\/uploads\/2026\/02\/massage-drenant-remodelant-silhouette.png\" alt=\"Les massages drainants, remodelant\" width=\"881\" height=\"777\" srcset=\"https:\/\/senpagamassage.fr\/wp-content\/uploads\/2026\/02\/massage-drenant-remodelant-silhouette.png 888w, https:\/\/senpagamassage.fr\/wp-content\/uploads\/2026\/02\/massage-drenant-remodelant-silhouette-300x265.png 300w, https:\/\/senpagamassage.fr\/wp-content\/uploads\/2026\/02\/massage-drenant-remodelant-silhouette-768x677.png 768w\" sizes=\"auto, (max-width: 881px) 100vw, 881px\" \/><figcaption id=\"caption-attachment-510\" class=\"wp-caption-text\">Massages drainants, remodelants et maderoth\u00e9rapie pour all\u00e9ger le corps, redessiner les formes et retrouver une sensation de bien-\u00eatre profond.<\/figcaption><\/figure>\n<figure id=\"attachment_512\" aria-describedby=\"caption-attachment-512\" style=\"width: 840px\" class=\"wp-caption alignnone\"><img loading=\"lazy\" decoding=\"async\" class=\" wp-image-512\" src=\"https:\/\/senpagamassage.fr\/wp-content\/uploads\/2026\/02\/presotherapie-drainant.png\" alt=\"Pressoth\u00e9rapie drainage lymphatique \" width=\"840\" height=\"564\" srcset=\"https:\/\/senpagamassage.fr\/wp-content\/uploads\/2026\/02\/presotherapie-drainant.png 891w, https:\/\/senpagamassage.fr\/wp-content\/uploads\/2026\/02\/presotherapie-drainant-300x201.png 300w, https:\/\/senpagamassage.fr\/wp-content\/uploads\/2026\/02\/presotherapie-drainant-768x515.png 768w, https:\/\/senpagamassage.fr\/wp-content\/uploads\/2026\/02\/presotherapie-drainant-370x247.png 370w\" sizes=\"auto, (max-width: 840px) 100vw, 840px\" \/><figcaption id=\"caption-attachment-512\" class=\"wp-caption-text\">pressoth\u00e9rapie<\/figcaption><\/figure>\n<p>&nbsp;<\/p>\n<p>&nbsp;<\/p>\n<p>Les horaires de rendez-vous sont respect\u00e9s et Madame Atienza Francesca se r\u00e9serve le droit en cas de retard de plus de 15 minutes de refuser d\u2019ex\u00e9cuter la prestation afin de ne pas perturber son planning. La dur\u00e9e de la prestation pourra \u00eatre imput\u00e9e du retard.<\/p>\n<p>Un acompte de 20\u20ac est demand\u00e9 \u00e0 la prise de rendez-vous (d\u00e9duit de votre s\u00e9ance).<\/p>\n<p>En cas d\u2019annulation moins de 24h avant, l&rsquo;acompte ne pourra pas \u00eatre rembours\u00e9. Merci de votre compr\u00e9hension.<\/p>\n","protected":false},"excerpt":{"rendered":"<p>&nbsp; &nbsp; Les horaires de rendez-vous sont respect\u00e9s et Madame Atienza Francesca se r\u00e9serve le droit en cas de retard de plus de 15 minutes de refuser d\u2019ex\u00e9cuter la prestation &hellip; <\/p>\n","protected":false},"author":1,"featured_media":0,"parent":0,"menu_order":0,"comment_status":"closed","ping_status":"closed","template":"","meta":{"footnotes":""},"class_list":["post-90","page","type-page","status-publish","hentry"],"_links":{"self":[{"href":"https:\/\/senpagamassage.fr\/index.php\/wp-json\/wp\/v2\/pages\/90","targetHints":{"allow":["GET"]}}],"collection":[{"href":"https:\/\/senpagamassage.fr\/index.php\/wp-json\/wp\/v2\/pages"}],"about":[{"href":"https:\/\/senpagamassage.fr\/index.php\/wp-json\/wp\/v2\/types\/page"}],"author":[{"embeddable":true,"href":"https:\/\/senpagamassage.fr\/index.php\/wp-json\/wp\/v2\/users\/1"}],"replies":[{"embeddable":true,"href":"https:\/\/senpagamassage.fr\/index.php\/wp-json\/wp\/v2\/comments?post=90"}],"version-history":[{"count":28,"href":"https:\/\/senpagamassage.fr\/index.php\/wp-json\/wp\/v2\/pages\/90\/revisions"}],"predecessor-version":[{"id":515,"href":"https:\/\/senpagamassage.fr\/index.php\/wp-json\/wp\/v2\/pages\/90\/revisions\/515"}],"wp:attachment":[{"href":"https:\/\/senpagamassage.fr\/index.php\/wp-json\/wp\/v2\/media?parent=90"}],"curies":[{"name":"wp","href":"https:\/\/api.w.org\/{rel}","templated":true}]}}